{"id":1327,"date":"2016-06-10T11:04:48","date_gmt":"2016-06-10T11:04:48","guid":{"rendered":"https:\/\/suli.al\/news\/"},"modified":"2021-06-01T09:09:59","modified_gmt":"2021-06-01T09:09:59","slug":"lajme","status":"publish","type":"page","link":"https:\/\/suli.al\/sq\/lajme\/","title":{"rendered":"Lajme"},"content":{"rendered":"<div class=\"wpb-content-wrapper\"><p>[vc_row][vc_column]<div id=\"sc_blogger_1938545648\" class=\"sc_blogger layout_excerpt template_excerpt  sc_blogger_horizontal\">\t\t<div class=\"post_item post_item_excerpt post_featured_default post_format_standard odd post-1334 post type-post status-publish format-standard has-post-thumbnail hentry category-news-sq\">\n\t\t\t\t\t\t\t<div class=\"post_featured\">\n\t\t\t\t\t<div class=\"post_thumb\" data-image=\"https:\/\/suli.al\/wp-content\/uploads\/2016\/06\/shutterstock_5932786.jpg\" data-title=\"Vaji i ullirit m\u00eb i mir\u00eb p\u00ebr ngjyerje\">\n\t<a class=\"hover_icon hover_icon_link\" href=\"https:\/\/suli.al\/sq\/treating-the-olive-trees-like-grapevines\/\"><img decoding=\"async\" class=\"wp-post-image\" alt=\"Vaji i ullirit m\u00eb i mir\u00eb p\u00ebr ngjyerje\" src=\"https:\/\/suli.al\/wp-content\/uploads\/2016\/06\/shutterstock_5932786.jpg\"><\/a>\t<\/div>\n\t\t\t\t\t<\/div>\n\t\t\t\t\n\t\t\t<div class=\"post_content clearfix\">\n\t\t\t\t<div class=\"post_info\">\n\t\t\t<span class=\"post_info_item post_info_posted\"> <a href=\"https:\/\/suli.al\/sq\/treating-the-olive-trees-like-grapevines\/\" class=\"post_info_date\">10 June, 2016<\/a><\/span>\n\t\t\t\t<span class=\"post_info_item post_info_counters\">\t<a class=\"post_counters_item post_counters_views icon-eye\" title=\"Views - 1680\" href=\"https:\/\/suli.al\/sq\/treating-the-olive-trees-like-grapevines\/\"><span class=\"post_counters_number\">1680<\/span> Views<\/a>\n\t<\/span>\n\t\t<\/div><h4 class=\"post_title\"><a href=\"https:\/\/suli.al\/sq\/treating-the-olive-trees-like-grapevines\/\">Vaji i ullirit m\u00eb i mir\u00eb p\u00ebr ngjyerje<\/a><\/h4>\t\t\n\t\t\t\t<div class=\"post_descr\">\n\t\t\t\t<p>Kur sh\u00ebrbeni vaj ulliri si shoq\u00ebrues, zgjidhni Vajin ton\u00eb t\u00eb Ullirit Ekstra t\u00eb Virgj\u00ebr. Shija dhe struktura do t\u00eb ndihen t\u00eb plota. Vaji i Ullirit Ekstra i Virgj\u00ebr Suli pasqyron denj\u00ebsisht klim\u00ebn ku prodhohet.<\/p><a href=\"https:\/\/suli.al\/sq\/treating-the-olive-trees-like-grapevines\/\" class=\"sc_button sc_button_square sc_button_style_filled sc_button_size_small\">Read more<\/a>\t\t\t\t<\/div>\n\n\t\t\t<\/div>\t<!-- \/.post_content -->\n\n\t\t<\/div>\t<!-- \/.post_item -->\n\n\t\t\t<div class=\"post_item post_item_excerpt post_featured_default post_format_standard even post-1333 post type-post status-publish format-standard has-post-thumbnail hentry category-news-sq\">\n\t\t\t\t\t\t\t<div class=\"post_featured\">\n\t\t\t\t\t<div class=\"post_thumb\" data-image=\"https:\/\/suli.al\/wp-content\/uploads\/2021\/03\/home-sliderimg.jpg\" data-title=\"Shishja e vajit t\u00eb ullirit\">\n\t<a class=\"hover_icon hover_icon_link\" href=\"https:\/\/suli.al\/sq\/gentle-manual-harvesting-and-processing\/\"><img decoding=\"async\" class=\"wp-post-image\" alt=\"Shishja e vajit t\u00eb ullirit\" src=\"https:\/\/suli.al\/wp-content\/uploads\/2021\/03\/home-sliderimg.jpg\"><\/a>\t<\/div>\n\t\t\t\t\t<\/div>\n\t\t\t\t\n\t\t\t<div class=\"post_content clearfix\">\n\t\t\t\t<div class=\"post_info\">\n\t\t\t<span class=\"post_info_item post_info_posted\"> <a href=\"https:\/\/suli.al\/sq\/gentle-manual-harvesting-and-processing\/\" class=\"post_info_date\">10 June, 2016<\/a><\/span>\n\t\t\t\t<span class=\"post_info_item post_info_counters\">\t<a class=\"post_counters_item post_counters_views icon-eye\" title=\"Views - 1615\" href=\"https:\/\/suli.al\/sq\/gentle-manual-harvesting-and-processing\/\"><span class=\"post_counters_number\">1615<\/span> Views<\/a>\n\t<\/span>\n\t\t<\/div><h4 class=\"post_title\"><a href=\"https:\/\/suli.al\/sq\/gentle-manual-harvesting-and-processing\/\">Shishja e vajit t\u00eb ullirit<\/a><\/h4>\t\t\n\t\t\t\t<div class=\"post_descr\">\n\t\t\t\t<p>Ne kujdesemi p\u00ebr \u00e7do holl\u00ebsi, n\u00eb m\u00ebnyr\u00eb q\u00eb ju t\u00eb mund t\u00eb shijoni vajin ton\u00eb. Vaji i ullirit duhet t\u00eb mbrohet nga faktor\u00eb t\u00eb jasht\u00ebm. Me kalimin e koh\u00ebs dhe ekspozimin ndaj k\u00ebtyre faktor\u00ebve, produkti fillon t\u00eb humbas\u00eb vetit\u00eb e tij dhe madje t\u00eb rris\u00eb procesin e oksidimit ose ashp\u00ebsimit.<\/p><a href=\"https:\/\/suli.al\/sq\/gentle-manual-harvesting-and-processing\/\" class=\"sc_button sc_button_square sc_button_style_filled sc_button_size_small\">Read more<\/a>\t\t\t\t<\/div>\n\n\t\t\t<\/div>\t<!-- \/.post_content -->\n\n\t\t<\/div>\t<!-- \/.post_item -->\n\n\t\t\t<div class=\"post_item post_item_excerpt post_featured_default post_format_standard odd last post-1324 post type-post status-publish format-standard has-post-thumbnail hentry category-news-sq\">\n\t\t\t\t\t\t\t<div class=\"post_featured\">\n\t\t\t\t\t<div class=\"post_thumb\" data-image=\"https:\/\/suli.al\/wp-content\/uploads\/2016\/06\/health-wellness_body-mind-spirit_cancer_does-olive-oil-lower-breast-cancer-risk_1440x1080_585601190-600x450-1.jpeg\" data-title=\"Besojini instiktit tuaj\">\n\t<a class=\"hover_icon hover_icon_link\" href=\"https:\/\/suli.al\/sq\/integration-of-the-oil-mills-in-the-finca\/\"><img decoding=\"async\" class=\"wp-post-image\" alt=\"Besojini instiktit tuaj\" src=\"https:\/\/suli.al\/wp-content\/uploads\/2016\/06\/health-wellness_body-mind-spirit_cancer_does-olive-oil-lower-breast-cancer-risk_1440x1080_585601190-600x450-1.jpeg\"><\/a>\t<\/div>\n\t\t\t\t\t<\/div>\n\t\t\t\t\n\t\t\t<div class=\"post_content clearfix\">\n\t\t\t\t<div class=\"post_info\">\n\t\t\t<span class=\"post_info_item post_info_posted\"> <a href=\"https:\/\/suli.al\/sq\/integration-of-the-oil-mills-in-the-finca\/\" class=\"post_info_date\">10 June, 2016<\/a><\/span>\n\t\t\t\t<span class=\"post_info_item post_info_counters\">\t<a class=\"post_counters_item post_counters_views icon-eye\" title=\"Views - 1492\" href=\"https:\/\/suli.al\/sq\/integration-of-the-oil-mills-in-the-finca\/\"><span class=\"post_counters_number\">1492<\/span> Views<\/a>\n\t<\/span>\n\t\t<\/div><h4 class=\"post_title\"><a href=\"https:\/\/suli.al\/sq\/integration-of-the-oil-mills-in-the-finca\/\">Besojini instiktit tuaj<\/a><\/h4>\t\t\n\t\t\t\t<div class=\"post_descr\">\n\t\t\t\t<p>Vaji i Ullirit Ekstra i Virgj\u00ebr Suli \u00ebsht\u00eb nj\u00eb plot\u00ebsues i sh\u00ebndetsh\u00ebm i diet\u00ebs, ve\u00e7an\u00ebrisht kur p\u00ebrdoret si z\u00ebvend\u00ebsues p\u00ebr burimin e yndyrnave t\u00eb ngopura. P\u00ebrve\u00e7 se \u00ebsht\u00eb nj\u00eb burim acidesh yndyrore t\u00eb pangopura, Vaji yn\u00eb i Ullirit Ekstra i Virgj\u00ebr siguron antioksidant\u00eb natyral\u00eb si polifenole dhe vitamina E, t\u00eb cilat ndikojn\u00eb n\u00eb zvog\u00eblimin e...<\/p><a href=\"https:\/\/suli.al\/sq\/integration-of-the-oil-mills-in-the-finca\/\" class=\"sc_button sc_button_square sc_button_style_filled sc_button_size_small\">Read more<\/a>\t\t\t\t<\/div>\n\n\t\t\t<\/div>\t<!-- \/.post_content -->\n\n\t\t<\/div>\t<!-- \/.post_item -->\n\n\t<\/div>[\/vc_column][\/vc_row]<\/p>\n<\/div>","protected":false},"excerpt":{"rendered":"<p>[vc_row][vc_column][\/vc_column][\/vc_row]<\/p>\n","protected":false},"author":1,"featured_media":0,"parent":0,"menu_order":0,"comment_status":"closed","ping_status":"closed","template":"","meta":{"footnotes":""},"class_list":["post-1327","page","type-page","status-publish","hentry"],"_links":{"self":[{"href":"https:\/\/suli.al\/sq\/wp-json\/wp\/v2\/pages\/1327","targetHints":{"allow":["GET"]}}],"collection":[{"href":"https:\/\/suli.al\/sq\/wp-json\/wp\/v2\/pages"}],"about":[{"href":"https:\/\/suli.al\/sq\/wp-json\/wp\/v2\/types\/page"}],"author":[{"embeddable":true,"href":"https:\/\/suli.al\/sq\/wp-json\/wp\/v2\/users\/1"}],"replies":[{"embeddable":true,"href":"https:\/\/suli.al\/sq\/wp-json\/wp\/v2\/comments?post=1327"}],"version-history":[{"count":2,"href":"https:\/\/suli.al\/sq\/wp-json\/wp\/v2\/pages\/1327\/revisions"}],"predecessor-version":[{"id":1546,"href":"https:\/\/suli.al\/sq\/wp-json\/wp\/v2\/pages\/1327\/revisions\/1546"}],"wp:attachment":[{"href":"https:\/\/suli.al\/sq\/wp-json\/wp\/v2\/media?parent=1327"}],"curies":[{"name":"wp","href":"https:\/\/api.w.org\/{rel}","templated":true}]}}