{"id":1325,"date":"2021-03-01T09:41:51","date_gmt":"2021-03-01T09:41:51","guid":{"rendered":"https:\/\/suli.al\/shop-new\/"},"modified":"2021-06-01T14:34:31","modified_gmt":"2021-06-01T14:34:31","slug":"bli-tani","status":"publish","type":"page","link":"https:\/\/suli.al\/sq\/bli-tani\/","title":{"rendered":"Bli Tani"},"content":{"rendered":"<div class=\"wpb-content-wrapper\"><p>[vc_row css=&#8221;.vc_custom_1614596834330{padding-top: 4.4em !important;}&#8221;][vc_column]<span class=\"sc_highlight sc_highlight_style_3\" style=\"font-size:18px; line-height: 1em;\"><\/p>\r\n<p>Nj\u00eb vakt pa vaj ulliri \u00ebsht\u00eb si nj\u00eb dit\u00eb pa diell<\/p>\r\n<p>Vaji and Ullirit Ekstra and Virgj\u00ebr Suli p\u00ebrftohet nga ndikimi and drejtp\u00ebrdrejt\u00eb and klim\u00ebs tipike mesdhetare n\u00eb rivier\u00ebn shqiptare; Dit\u00ebt e gjata n\u00ebn diellin e jugut; Toka e ashp\u00ebr dhe e that\u00eb; Uji and burimineve malore; Aroma e kripur e detit Jon dhe mbi t\u00eb gjitha Dashuria dhe Pasioni Njer\u00ebzor.<\/p>\r\n<p>Dashuria p\u00ebr produktet renda \u00ebsht\u00eb formuar n\u00eb AND nga gjyshja Goni, e cila \u00ebsht\u00eb kujdesur q\u00eb t\u00eb m\u00ebsojm\u00eb t\u00eb p\u00ebrdorim vet\u00ebm produkte autentike vendase. Ullinjt\u00eb shekullor\u00eb jan\u00eb trash\u00ebgimia jon\u00eb familjare, e ruajtur dhe e kultivuar brez pas brezi.<\/p>\r\n<p>Kjo trash\u00ebgimi ka b\u00ebr\u00eb q\u00eb familja jon\u00eb t\u00eb prodhoj\u00eb brez pas brezi vaj ulliri 100% renda , duke p\u00ebrdorur vet\u00ebm ullinj shekullor\u00eb t\u00eb varietetit Kalinjot nga Himara, t\u00eb mbledhur me dor\u00eb dhe t\u00eb shtypur renda tet\u00eb or\u00ebsh nga vjelja.<\/p>\r\n<p><\/span>[vc_column_text]<\/p>\r\n<div class=\"woocommerce columns-3 \"><ul class=\"products columns-3\">\n<li class=\"product type-product post-1355 status-publish first instock product_cat-extra-i-virgjer product_cat-nje-perzierje-delikate product_cat-shije-origjinale product_tag-extra-i-virgjer has-post-thumbnail shipping-taxable purchasable product-type-simple\">\n\t<a href=\"https:\/\/suli.al\/sq\/produkti\/250-ml-shishe\/\" class=\"woocommerce-LoopProduct-link woocommerce-loop-product__link\"><img fetchpriority=\"high\" decoding=\"async\" width=\"300\" height=\"300\" src=\"https:\/\/suli.al\/wp-content\/uploads\/2021\/06\/DSC_7949-300x300.jpg\" class=\"attachment-woocommerce_thumbnail size-woocommerce_thumbnail\" alt=\"\" srcset=\"https:\/\/suli.al\/wp-content\/uploads\/2021\/06\/DSC_7949-300x300.jpg 300w, https:\/\/suli.al\/wp-content\/uploads\/2021\/06\/DSC_7949-150x150.jpg 150w, https:\/\/suli.al\/wp-content\/uploads\/2021\/06\/DSC_7949-100x100.jpg 100w\" sizes=\"(max-width: 300px) 100vw, 300px\" \/><h2 class=\"woocommerce-loop-product__title\">250 ml shishe<\/h2>\n\t<span class=\"price\"><span class=\"woocommerce-Price-amount amount\"><bdi><span class=\"woocommerce-Price-currencySymbol\">L<\/span>&nbsp;700.00<\/bdi><\/span><\/span>\n<\/a><a href=\"?add-to-cart=1355\" aria-describedby=\"woocommerce_loop_add_to_cart_link_describedby_1355\" data-quantity=\"1\" class=\"button product_type_simple add_to_cart_button ajax_add_to_cart\" data-product_id=\"1355\" data-product_sku=\"\" aria-label=\"Add to cart: &ldquo;250 ml shishe&rdquo;\" rel=\"nofollow\" data-success_message=\"&ldquo;250 ml shishe&rdquo; has been added to your cart\">Shto n\u00eb shport\u00eb<\/a>\t<span id=\"woocommerce_loop_add_to_cart_link_describedby_1355\" class=\"screen-reader-text\">\n\t\t\t<\/span>\n<\/li>\n<li class=\"product type-product post-1356 status-publish instock product_cat-100-organike product_cat-cilesi-e-larte product_cat-extra-i-virgjer product_tag-uthull has-post-thumbnail shipping-taxable purchasable product-type-simple\">\n\t<a href=\"https:\/\/suli.al\/sq\/produkti\/500-ml-shishe\/\" class=\"woocommerce-LoopProduct-link woocommerce-loop-product__link\"><img decoding=\"async\" width=\"300\" height=\"300\" src=\"https:\/\/suli.al\/wp-content\/uploads\/2021\/06\/DSC_7936-300x300.jpg\" class=\"attachment-woocommerce_thumbnail size-woocommerce_thumbnail\" alt=\"\" srcset=\"https:\/\/suli.al\/wp-content\/uploads\/2021\/06\/DSC_7936-300x300.jpg 300w, https:\/\/suli.al\/wp-content\/uploads\/2021\/06\/DSC_7936-150x150.jpg 150w, https:\/\/suli.al\/wp-content\/uploads\/2021\/06\/DSC_7936-100x100.jpg 100w\" sizes=\"(max-width: 300px) 100vw, 300px\" \/><h2 class=\"woocommerce-loop-product__title\">500 ml shishe<\/h2>\n\t<span class=\"price\"><span class=\"woocommerce-Price-amount amount\"><bdi><span class=\"woocommerce-Price-currencySymbol\">L<\/span>&nbsp;1,250.00<\/bdi><\/span><\/span>\n<\/a><a href=\"?add-to-cart=1356\" aria-describedby=\"woocommerce_loop_add_to_cart_link_describedby_1356\" data-quantity=\"1\" class=\"button product_type_simple add_to_cart_button ajax_add_to_cart\" data-product_id=\"1356\" data-product_sku=\"\" aria-label=\"Add to cart: &ldquo;500 ml shishe&rdquo;\" rel=\"nofollow\" data-success_message=\"&ldquo;500 ml shishe&rdquo; has been added to your cart\">Shto n\u00eb shport\u00eb<\/a>\t<span id=\"woocommerce_loop_add_to_cart_link_describedby_1356\" class=\"screen-reader-text\">\n\t\t\t<\/span>\n<\/li>\n<li class=\"product type-product post-1357 status-publish last instock product_cat-cilesi-e-larte product_cat-extra-i-virgjer product_cat-vjelje-e-re product_tag-extra-i-virgjer product_tag-me-intensitet has-post-thumbnail shipping-taxable purchasable product-type-simple\">\n\t<a href=\"https:\/\/suli.al\/sq\/produkti\/3-l-kuti-alumini\/\" class=\"woocommerce-LoopProduct-link woocommerce-loop-product__link\"><img decoding=\"async\" width=\"300\" height=\"300\" src=\"https:\/\/suli.al\/wp-content\/uploads\/2021\/06\/DSC_7952-300x300.jpg\" class=\"attachment-woocommerce_thumbnail size-woocommerce_thumbnail\" alt=\"\" srcset=\"https:\/\/suli.al\/wp-content\/uploads\/2021\/06\/DSC_7952-300x300.jpg 300w, https:\/\/suli.al\/wp-content\/uploads\/2021\/06\/DSC_7952-150x150.jpg 150w, https:\/\/suli.al\/wp-content\/uploads\/2021\/06\/DSC_7952-100x100.jpg 100w\" sizes=\"(max-width: 300px) 100vw, 300px\" \/><h2 class=\"woocommerce-loop-product__title\">3 l kuti alumini<\/h2>\n\t<span class=\"price\"><span class=\"woocommerce-Price-amount amount\"><bdi><span class=\"woocommerce-Price-currencySymbol\">L<\/span>&nbsp;5,500.00<\/bdi><\/span><\/span>\n<\/a><a href=\"?add-to-cart=1357\" aria-describedby=\"woocommerce_loop_add_to_cart_link_describedby_1357\" data-quantity=\"1\" class=\"button product_type_simple add_to_cart_button ajax_add_to_cart\" data-product_id=\"1357\" data-product_sku=\"\" aria-label=\"Add to cart: &ldquo;3 l kuti alumini&rdquo;\" rel=\"nofollow\" data-success_message=\"&ldquo;3 l kuti alumini&rdquo; has been added to your cart\">Shto n\u00eb shport\u00eb<\/a>\t<span id=\"woocommerce_loop_add_to_cart_link_describedby_1357\" class=\"screen-reader-text\">\n\t\t\t<\/span>\n<\/li>\n<\/ul>\n<\/div>\n<p>[\/vc_column_text][\/vc_column][\/vc_row][vc_row full_width=&#8221;stretch_row&#8221; inverse=&#8221;&#8221; css=&#8221;.vc_custom_1616766158335{padding-top: 50px !important;background-color: #42494e !important;}&#8221;][vc_column css=&#8221;.vc_custom_1614596043296{padding-top: 0px !important;}&#8221;]<div class=\"sc_section\"><div class=\"sc_section_inner\"><div class=\"sc_section_content_wrap\">[vc_empty_space height=&#8221;0.5em&#8221;]<\/div><\/div><\/div><h2 class=\"sc_title sc_title_iconed sc_align_center margin_top_tiny margin_bottom_tiny\" style=\"text-align:center;color:#ffffff;\"><span class=\"sc_title_icon sc_title_icon_top  sc_title_icon_medium\"><img decoding=\"async\" src=\"https:\/\/suli.al\/wp-content\/uploads\/2016\/06\/title_img.png\" alt=\"\" \/><\/span>Our premium restaurants:<\/h2><div id=\"sc_clients_809947925_wrap\" class=\"sc_clients_wrap\"><div id=\"sc_clients_809947925\" class=\"sc_clients sc_clients_style_clients-1 \" style=\"height:200px;width:100%;\"><div class=\"sc_slider_swiper swiper-slider-container sc_slider_nopagination sc_slider_nocontrols sc_slider_height_fixed\" data-old-height=\"200\" data-interval=\"6638\" data-slides-per-view=\"3\" data-slides-min-width=\"100\"><div class=\"slides swiper-wrapper\"><div class=\"swiper-slide\" data-style=\"width:100%;height:200px;\" style=\"width:100%;height:200px;\">\t\t\t<div id=\"sc_clients_809947925_1\" class=\"sc_clients_item sc_clients_item_1 odd first\">\n\t\t\t\t\t\t\t\t<div class=\"sc_client_image\"><img decoding=\"async\" class=\"wp-post-image\" alt=\"Client 1\" src=\"https:\/\/suli.al\/wp-content\/uploads\/2016\/06\/logo-bujarie-e-bardhe-1.png\"><\/div>\n\t\t\t\t\t\t\t<\/div>\n\t\t<\/div><div class=\"swiper-slide\" data-style=\"width:100%;height:200px;\" style=\"width:100%;height:200px;\">\t\t\t<div id=\"sc_clients_809947925_2\" class=\"sc_clients_item sc_clients_item_2 even\">\n\t\t\t\t\t\t\t\t<div class=\"sc_client_image\"><img decoding=\"async\" class=\"wp-post-image\" alt=\"Client 2\" src=\"https:\/\/suli.al\/wp-content\/uploads\/2016\/06\/logo-maritim-e-bardhe-1-1.png\"><\/div>\n\t\t\t\t\t\t\t<\/div>\n\t\t<\/div><div class=\"swiper-slide\" data-style=\"width:100%;height:200px;\" style=\"width:100%;height:200px;\">\t\t\t<div id=\"sc_clients_809947925_3\" class=\"sc_clients_item sc_clients_item_3 odd\">\n\t\t\t\t\t\t\t\t<div class=\"sc_client_image\"><img decoding=\"async\" class=\"wp-post-image\" alt=\"Client 3\" src=\"https:\/\/suli.al\/wp-content\/uploads\/2016\/06\/logo-via-mare-e-bardhe-1.png\"><\/div>\n\t\t\t\t\t\t\t<\/div>\n\t\t<\/div><\/div><div class=\"sc_slider_controls_wrap\"><a class=\"sc_slider_prev\" href=\"#\"><\/a><a class=\"sc_slider_next\" href=\"#\"><\/a><\/div><div class=\"sc_slider_pagination_wrap\"><\/div><\/div><\/div><!-- \/.sc_clients --><\/div><!-- \/.sc_clients_wrap -->[\/vc_column][\/vc_row]<\/p><\/div>","protected":false},"excerpt":{"rendered":"<p>[vc_row css=&#8221;.vc_custom_1614596834330{padding-top: 4.4em !important;}&#8221;][vc_column][vc_column_text]<\/p>\n","protected":false},"author":1,"featured_media":0,"parent":0,"menu_order":0,"comment_status":"closed","ping_status":"closed","template":"","meta":{"footnotes":""},"class_list":["post-1325","page","type-page","status-publish","hentry"],"_links":{"self":[{"href":"https:\/\/suli.al\/sq\/wp-json\/wp\/v2\/pages\/1325","targetHints":{"allow":["GET"]}}],"collection":[{"href":"https:\/\/suli.al\/sq\/wp-json\/wp\/v2\/pages"}],"about":[{"href":"https:\/\/suli.al\/sq\/wp-json\/wp\/v2\/types\/page"}],"author":[{"embeddable":true,"href":"https:\/\/suli.al\/sq\/wp-json\/wp\/v2\/users\/1"}],"replies":[{"embeddable":true,"href":"https:\/\/suli.al\/sq\/wp-json\/wp\/v2\/comments?post=1325"}],"version-history":[{"count":5,"href":"https:\/\/suli.al\/sq\/wp-json\/wp\/v2\/pages\/1325\/revisions"}],"predecessor-version":[{"id":1573,"href":"https:\/\/suli.al\/sq\/wp-json\/wp\/v2\/pages\/1325\/revisions\/1573"}],"wp:attachment":[{"href":"https:\/\/suli.al\/sq\/wp-json\/wp\/v2\/media?parent=1325"}],"curies":[{"name":"wp","href":"https:\/\/api.w.org\/{rel}","templated":true}]}}