{"id":1198,"date":"2016-06-10T11:18:13","date_gmt":"2016-06-10T11:18:13","guid":{"rendered":"https:\/\/suli.al\/about-us\/"},"modified":"2021-06-07T16:38:40","modified_gmt":"2021-06-07T16:38:40","slug":"rreth-nesh","status":"publish","type":"page","link":"https:\/\/suli.al\/sq\/rreth-nesh\/","title":{"rendered":"Rreth nesh"},"content":{"rendered":"<div class=\"wpb-content-wrapper\"><p>[vc_row][vc_column offset=&#8221;vc_hidden-xs&#8221;]<div class=\"sc_section our_story_section margin_top_null margin_bottom_huge\"><div class=\"sc_section_image\" style=\"background-color: #ffffff\"><img decoding=\"async\" class=\"wp-post-image\" width=\"63\" height=\"46\" alt=\"Depositphotos_5896747_original.png\" src=\"https:\/\/suli.al\/wp-content\/uploads\/2016\/06\/Depositphotos_5896747_original-63x46.png\"><\/div><div class=\"sc_section_inner\"><div class=\"sc_section_content_wrap\">[vc_empty_space height=&#8221;0.5em&#8221;]<h2 class=\"sc_title sc_title_iconed sc_align_center margin_top_huge\" style=\"text-align:center;\"><span class=\"sc_title_icon sc_title_icon_top  sc_title_icon_large\"><img decoding=\"async\" src=\"https:\/\/suli.al\/wp-content\/uploads\/2016\/06\/title_img.png\" alt=\"\" \/><\/span>Historia jone<\/h2>[vc_empty_space height=&#8221;0.5em&#8221;]<div class=\"sc_section sc_section_block  bd_section\"><div class=\"sc_section_inner\"><div class=\"sc_section_content_wrap\"><div class=\"columns_wrap sc_columns columns_nofluid sc_columns_count_12 margin_bottom_tiny\"><div class=\"column-5_12 sc_column_item sc_column_item_1 odd first span_5\" style=\"text-align:center;\"><figure class=\"sc_image  sc_image_shape_square\"><img decoding=\"async\" src=\"https:\/\/suli.al\/wp-content\/uploads\/2016\/06\/background-2.jpg\" alt=\"\" \/><\/figure><\/div><div class=\"column-7_12 sc_column_item sc_column_item_6 even span_7\">[vc_empty_space height=&#8221;1.1em&#8221;]<div class=\"cq-draggable-container \" data-draggingbarbgcolor=\"#e5e4e3\" data-defaultbarbgcolor=\"#e5e4e3\" data-avatarstyle=\"icon\" data-activeiconcolor=\"\" data-autoplay=\"no\" data-autoplayspeed=\"\" data-labelcolor=\"#656d74\" data-dragbuttonwidth=\"15\" data-contaienrwidth=\"\"><div class=\"cq-draggable-slider\"><div class=\"cq-draggable-stripe\"><div class=\"cq-draggable-handle\"><div class=\"cq-infobox gray\"><div class=\"cq-titlecontainer\"><div class=\"cq-titlebar\">The Origins<\/div><div class=\"cq-titlebar\">First Production<\/div><div class=\"cq-titlebar\">Regain of Ownership<\/div><div class=\"cq-titlebar\">Production of Extra Virgin Oil<\/div><div class=\"cq-titlebar\">A New Brand is Born<\/div><\/div><div class=\"cq-innerbox\"><div class=\"cq-carouselcontainer\"><div class=\"cq-carouselcontent\">Vaji prodhohet duke shtypur ullinj t\u00eb plot\u00eb dhe p\u00ebrdoret zakonisht n\u00eb gatim, kozmetik\u00eb, farmaceutik\u00eb dhe p\u00ebrdoret n\u00eb t\u00eb gjith\u00eb bot\u00ebn.\n<\/div><div class=\"cq-carouselcontent\">Vaji prodhohet duke shtypur ullinj t\u00eb plot\u00eb dhe p\u00ebrdoret zakonisht n\u00eb gatim, kozmetik\u00eb, farmaceutik\u00eb dhe p\u00ebrdoret n\u00eb t\u00eb gjith\u00eb bot\u00ebn.\n<\/div><div class=\"cq-carouselcontent\">Vaji prodhohet duke shtypur ullinj t\u00eb plot\u00eb dhe p\u00ebrdoret zakonisht n\u00eb gatim, kozmetik\u00eb, farmaceutik\u00eb dhe p\u00ebrdoret n\u00eb t\u00eb gjith\u00eb bot\u00ebn.\n<\/div><div class=\"cq-carouselcontent\">Vaji prodhohet duke shtypur ullinj t\u00eb plot\u00eb dhe p\u00ebrdoret zakonisht n\u00eb gatim, kozmetik\u00eb, farmaceutik\u00eb dhe p\u00ebrdoret n\u00eb t\u00eb gjith\u00eb bot\u00ebn.\n<\/div><div class=\"cq-carouselcontent\">Vaji prodhohet duke shtypur ullinj t\u00eb plot\u00eb dhe p\u00ebrdoret zakonisht n\u00eb gatim, kozmetik\u00eb, farmaceutik\u00eb dhe p\u00ebrdoret n\u00eb t\u00eb gjith\u00eb bot\u00ebn.\n<p><\/div><\/div><\/div><\/div><\/div><\/div><div class=\"cq-barcontainer\"><div class=\"cq-highlight-container icon\"><div class=\"cq-highlight circle\" data-iconbgcolors=\"#c09a5c\"><span class=\"fa fa-1x icon-7\"><\/span><\/div><span class=\"cq-highlight-label\">1907<\/span><\/div><div class=\"cq-highlight-container icon\"><div class=\"cq-highlight circle\" data-iconbgcolors=\"#c09a5c\"><span class=\"fa fa-1x icon-7\"><\/span><\/div><span class=\"cq-highlight-label\">1917<\/span><\/div><div class=\"cq-highlight-container icon\"><div class=\"cq-highlight circle\" data-iconbgcolors=\"#c09a5c\"><span class=\"fa fa-1x icon-7\"><\/span><\/div><span class=\"cq-highlight-label\">1994<\/span><\/div><div class=\"cq-highlight-container icon\"><div class=\"cq-highlight circle\" data-iconbgcolors=\"#c09a5c\"><span class=\"fa fa-1x icon-7\"><\/span><\/div><span class=\"cq-highlight-label\">1999<\/span><\/div><div class=\"cq-highlight-container icon\"><div class=\"cq-highlight circle\" data-iconbgcolors=\"#c09a5c\"><span class=\"fa fa-1x icon-7\"><\/span><\/div><span class=\"cq-highlight-label\">2020<\/span><\/div><\/div><\/div><\/div><\/div><\/div>[vc_empty_space height=&#8221;0.7em&#8221;]<\/div><\/div><\/div>[vc_empty_space height=&#8221;1.1em&#8221;]<\/div><\/div><\/div>[\/vc_column][\/vc_row][vc_row full_width=&#8221;stretch_row&#8221; css=&#8221;.vc_custom_1467118389148{padding-bottom: 0.45em !important;background-color: #f9f7f2 !important;}&#8221;][vc_column]<div class=\"sc_section margin_top_null margin_bottom_small\"><div class=\"sc_section_image\" style=\"background-color: #f9f7f2\"><img decoding=\"async\" class=\"wp-post-image\" width=\"63\" height=\"46\" alt=\"Depositphotos_5896747_original.png\" src=\"https:\/\/suli.al\/wp-content\/uploads\/2016\/06\/Depositphotos_5896747_original-63x46.png\"><\/div><div class=\"sc_section_inner\"><div class=\"sc_section_content_wrap\">[vc_empty_space height=&#8221;0.5em&#8221;]<h2 class=\"sc_title sc_title_iconed sc_align_center margin_top_huge\" style=\"text-align:center;\"><span class=\"sc_title_icon sc_title_icon_top  sc_title_icon_large\"><img decoding=\"async\" src=\"https:\/\/suli.al\/wp-content\/uploads\/2016\/06\/title_img.png\" alt=\"\" \/><\/span>\u00c7far\u00eb b\u00ebjm\u00eb ne<\/h2><div id=\"sc_services_766956662_wrap\" class=\"sc_services_wrap\"><div id=\"sc_services_766956662\" class=\"sc_services sc_services_style_services-1 sc_services_type_images  margin_top_null margin_bottom_small\" style=\"width:100%;\"><div class=\"sc_columns columns_wrap\"><div class=\"column-1_3 column_padding_bottom\">\t\t\t<div id=\"sc_services_766956662_1\"\t\t\t\tclass=\"sc_services_item sc_services_item_1 odd first\"\n\t\t\t\t>\n\t\t\t\t\t\t\t\t\t<div class=\"sc_services_item_featured post_featured\">\n\t\t\t\t\t\t\t<div class=\"post_thumb\" data-image=\"https:\/\/suli.al\/wp-content\/uploads\/2016\/06\/shutterstock_59700763-scaled-1.jpg\" data-title=\"Mark\u00eb Superiore\">\n\t<a class=\"hover_icon hover_icon_link\" href=\"https:\/\/suli.al\/sq\/services\/marke-superiore\/\"><img fetchpriority=\"high\" decoding=\"async\" class=\"wp-post-image\" width=\"370\" height=\"270\" alt=\"Mark\u00eb Superiore\" src=\"https:\/\/suli.al\/wp-content\/uploads\/2016\/06\/shutterstock_59700763-scaled-1-370x270.jpg\"><\/a>\t<\/div>\n\t\t\t\t\t\t<\/div>\n\t\t\t\t\t\t\t\t\t<div class=\"sc_services_item_content\">\n\t\t\t\t\t<h4 class=\"sc_services_item_title\"><a href=\"https:\/\/suli.al\/sq\/services\/marke-superiore\/\">Mark\u00eb Superiore<\/a><\/h4>\n\t\t\t\t\t<div class=\"sc_services_item_description\">\n\t\t\t\t\t\t<p>Vaji i ullirit Ekstra i Virgj\u00ebr Suli ka cil\u00ebsin\u00eb m\u00eb e lart\u00eb midis vajrave t\u00eb tjer\u00eb, pasi ullinjt\u00eb q\u00eb ne p\u00ebrdorim p\u00ebr ta prodhuar jan\u00eb pa defekte...<\/p>\t\t\t\t\t<\/div>\n\t\t\t\t<\/div>\n\t\t\t<\/div>\n\t\t<\/div><div class=\"column-1_3 column_padding_bottom\">\t\t\t<div id=\"sc_services_766956662_2\"\t\t\t\tclass=\"sc_services_item sc_services_item_2 even\"\n\t\t\t\t>\n\t\t\t\t\t\t\t\t\t<div class=\"sc_services_item_featured post_featured\">\n\t\t\t\t\t\t\t<div class=\"post_thumb\" data-image=\"https:\/\/suli.al\/wp-content\/uploads\/2016\/06\/health-wellness_body-mind-spirit_cancer_does-olive-oil-lower-breast-cancer-risk_1440x1080_585601190-600x450-1-1.jpeg\" data-title=\"Sekretet tona\">\n\t<a class=\"hover_icon hover_icon_link\" href=\"https:\/\/suli.al\/sq\/services\/sekretet-tona\/\"><img decoding=\"async\" class=\"wp-post-image\" width=\"370\" height=\"270\" alt=\"Sekretet tona\" src=\"https:\/\/suli.al\/wp-content\/uploads\/2016\/06\/health-wellness_body-mind-spirit_cancer_does-olive-oil-lower-breast-cancer-risk_1440x1080_585601190-600x450-1-1-370x270.jpeg\"><\/a>\t<\/div>\n\t\t\t\t\t\t<\/div>\n\t\t\t\t\t\t\t\t\t<div class=\"sc_services_item_content\">\n\t\t\t\t\t<h4 class=\"sc_services_item_title\"><a href=\"https:\/\/suli.al\/sq\/services\/sekretet-tona\/\">Sekretet tona<\/a><\/h4>\n\t\t\t\t\t<div class=\"sc_services_item_description\">\n\t\t\t\t\t\t<p>Vaji i Ullirit Ekstra i Virgj\u00ebr Suli prodhohet 100% nga ullinj t\u00eb varietetit Kalinjot, por ka dhe m\u00eb\u2026<\/p>\t\t\t\t\t<\/div>\n\t\t\t\t<\/div>\n\t\t\t<\/div>\n\t\t<\/div><div class=\"column-1_3 column_padding_bottom\">\t\t\t<div id=\"sc_services_766956662_3\"\t\t\t\tclass=\"sc_services_item sc_services_item_3 odd\"\n\t\t\t\t>\n\t\t\t\t\t\t\t\t\t<div class=\"sc_services_item_featured post_featured\">\n\t\t\t\t\t\t\t<div class=\"post_thumb\" data-image=\"https:\/\/suli.al\/wp-content\/uploads\/2016\/06\/a6126c224fc046cb8a7a959dc66ee0a8-1.jpeg\" data-title=\"Vaj ulliri ekstra i virgj\u00ebr Suli\">\n\t<a class=\"hover_icon hover_icon_link\" href=\"https:\/\/suli.al\/sq\/services\/vaj-ulliri-ekstra-i-virgjer-suli\/\"><img loading=\"lazy\" decoding=\"async\" class=\"wp-post-image\" width=\"370\" height=\"270\" alt=\"Vaj ulliri ekstra i virgj\u00ebr Suli\" src=\"https:\/\/suli.al\/wp-content\/uploads\/2016\/06\/a6126c224fc046cb8a7a959dc66ee0a8-1-370x270.jpeg\"><\/a>\t<\/div>\n\t\t\t\t\t\t<\/div>\n\t\t\t\t\t\t\t\t\t<div class=\"sc_services_item_content\">\n\t\t\t\t\t<h4 class=\"sc_services_item_title\"><a href=\"https:\/\/suli.al\/sq\/services\/vaj-ulliri-ekstra-i-virgjer-suli\/\">Vaj ulliri ekstra i virgj\u00ebr Suli<\/a><\/h4>\n\t\t\t\t\t<div class=\"sc_services_item_description\">\n\t\t\t\t\t\t<p>\u00c7do frut zgjidhet dhe vilet me dor\u00eb duke p\u00ebrdorur vet\u00ebm procese mekanike.<\/p>\t\t\t\t\t<\/div>\n\t\t\t\t<\/div>\n\t\t\t<\/div>\n\t\t<\/div><\/div><\/div><!-- \/.sc_services --><\/div><!-- \/.sc_services_wrap --><\/div><\/div><\/div>[\/vc_column][\/vc_row][vc_row full_width=&#8221;stretch_row&#8221; inverse=&#8221;&#8221; css=&#8221;.vc_custom_1467122013242{padding-top: 2.4em !important;padding-bottom: 0.55em !important;background-image: url(https:\/\/suli.al\/wp-content\/uploads\/2016\/06\/background-2-1.jpg?id=178) !important;}&#8221;][vc_column]<div class=\"sc_section margin_top_huge margin_bottom_huge\"><div class=\"sc_section_inner\"><div class=\"sc_section_content_wrap\"><h1 class=\"sc_title sc_title_regular sc_align_center\" style=\"text-align:center;color:#e9e4d0;\">P\u00ebrfitimet sh\u00ebndet\u00ebsore<\/h1><div id=\"sc_services_716347692_wrap\" class=\"sc_services_wrap\"><div id=\"sc_services_716347692\" class=\"sc_services sc_services_style_services-5 sc_services_type_icons  margin_top_medium margin_bottom_medium\" style=\"width:100%;\"><div class=\"sc_service_container sc_align_\"><div class=\"sc_services_image\"><img decoding=\"async\" src=\"https:\/\/suli.al\/wp-content\/uploads\/2016\/06\/image-30.jpg\" alt=\"image-30\"><\/div><div class=\"sc_columns columns_wrap\"><div class=\"column-1_2 column_padding_bottom\">\t\t\t<div id=\"sc_services_716347692_1\"\t\t\t\tclass=\"sc_services_item sc_services_item_1 odd first\"\n\t\t\t\t>\n\t\t\t\t<a href=\"https:\/\/suli.al\/sq\/services\/permireson-kujtesen\/\"><span class=\"services_counter\">1.<\/span><\/a>\t\t\t\t<div class=\"sc_services_item_content\">\n\t\t\t\t\t<h4 class=\"sc_services_item_title\"><a href=\"https:\/\/suli.al\/sq\/services\/permireson-kujtesen\/\">P\u00ebrmir\u00ebson kujtes\u00ebn<\/a><\/h4>\n\t\t\t\t\t<div class=\"sc_services_item_description\">\n\t\t\t\t\t\t<p>Antioksidant\u00ebt e vajit t\u00eb ullirit ndikojn\u00eb n\u00eb p\u00ebrmir\u00ebsimin e problemeve t\u00eb kujtes\u00ebs t\u00eb krijuara nga s\u00ebmundjet e ndryshme.<\/p>\t\t\t\t\t<\/div>\n\t\t\t\t<\/div>\n\t\t\t<\/div>\n\t\t<\/div><div class=\"column-1_2 column_padding_bottom\">\t\t\t<div id=\"sc_services_716347692_2\"\t\t\t\tclass=\"sc_services_item sc_services_item_2 even\"\n\t\t\t\t>\n\t\t\t\t<a href=\"https:\/\/suli.al\/sq\/services\/prevents-heart-attacks-2\/\"><span class=\"services_counter\">2.<\/span><\/a>\t\t\t\t<div class=\"sc_services_item_content\">\n\t\t\t\t\t<h4 class=\"sc_services_item_title\"><a href=\"https:\/\/suli.al\/sq\/services\/prevents-heart-attacks-2\/\">Parandalon Goditjet n\u00eb Zem\u00ebr<\/a><\/h4>\n\t\t\t\t\t<div class=\"sc_services_item_description\">\n\t\t\t\t\t\t<p>Vaji i ullirit \u00ebsht\u00eb nj\u00eb nga yndyrnat m\u00eb t\u00eb sh\u00ebndetshme, b\u00ebni zgjedhjen e duhur mes tyre.<\/p>\t\t\t\t\t<\/div>\n\t\t\t\t<\/div>\n\t\t\t<\/div>\n\t\t<\/div><div class=\"column-1_2 column_padding_bottom\">\t\t\t<div id=\"sc_services_716347692_3\"\t\t\t\tclass=\"sc_services_item sc_services_item_3 odd\"\n\t\t\t\t>\n\t\t\t\t<a href=\"https:\/\/suli.al\/sq\/services\/reduces-cholesterol-levels\/\"><span class=\"services_counter\">3.<\/span><\/a>\t\t\t\t<div class=\"sc_services_item_content\">\n\t\t\t\t\t<h4 class=\"sc_services_item_title\"><a href=\"https:\/\/suli.al\/sq\/services\/reduces-cholesterol-levels\/\">Ul nivelet e kolesterolit<\/a><\/h4>\n\t\t\t\t\t<div class=\"sc_services_item_description\">\n\t\t\t\t\t\t<p>P\u00ebrfitimet sh\u00ebndet\u00ebsore t\u00eb vajit t\u00eb ullirit p\u00ebrfshijn\u00eb edhe nivel m\u00eb t\u00eb ul\u00ebt t\u00eb kolesterolit n\u00eb gjak.<\/p>\t\t\t\t\t<\/div>\n\t\t\t\t<\/div>\n\t\t\t<\/div>\n\t\t<\/div><div class=\"column-1_2 column_padding_bottom\">\t\t\t<div id=\"sc_services_716347692_4\"\t\t\t\tclass=\"sc_services_item sc_services_item_4 even\"\n\t\t\t\t>\n\t\t\t\t<a href=\"https:\/\/suli.al\/sq\/services\/parandalon-mpiksjen-e-gjakut\/\"><span class=\"services_counter\">4.<\/span><\/a>\t\t\t\t<div class=\"sc_services_item_content\">\n\t\t\t\t\t<h4 class=\"sc_services_item_title\"><a href=\"https:\/\/suli.al\/sq\/services\/parandalon-mpiksjen-e-gjakut\/\">Parandalon mpiksjen e gjakut<\/a><\/h4>\n\t\t\t\t\t<div class=\"sc_services_item_description\">\n\t\t\t\t\t\t<p>Vaji i ullirit mund t\u00eb zvog\u00ebloj\u00eb rrezikun e goditjeve n\u00eb zemr\u00eb dhe tru, gjithashtu p\u00ebrmir\u00ebson mpiksjen e gjakut.<\/p>\t\t\t\t\t<\/div>\n\t\t\t\t<\/div>\n\t\t\t<\/div>\n\t\t<\/div><div class=\"column-1_2 column_padding_bottom\">\t\t\t<div id=\"sc_services_716347692_5\"\t\t\t\tclass=\"sc_services_item sc_services_item_5 odd\"\n\t\t\t\t>\n\t\t\t\t<a href=\"https:\/\/suli.al\/sq\/services\/ndihmon-ne-luftimin-e-kancerit\/\"><span class=\"services_counter\">5.<\/span><\/a>\t\t\t\t<div class=\"sc_services_item_content\">\n\t\t\t\t\t<h4 class=\"sc_services_item_title\"><a href=\"https:\/\/suli.al\/sq\/services\/ndihmon-ne-luftimin-e-kancerit\/\">Ndihmon n\u00eb luftimin e kancerit<\/a><\/h4>\n\t\t\t\t\t<div class=\"sc_services_item_description\">\n\t\t\t\t\t\t<p>Elementet n\u00eb vajin e ullirit mund t\u00eb ulin rrezikun e kancerit t\u00eb gjirit dhe p\u00ebrs\u00ebritjen e tij.<\/p>\t\t\t\t\t<\/div>\n\t\t\t\t<\/div>\n\t\t\t<\/div>\n\t\t<\/div><div class=\"column-1_2 column_padding_bottom\">\t\t\t<div id=\"sc_services_716347692_6\"\t\t\t\tclass=\"sc_services_item sc_services_item_6 even\"\n\t\t\t\t>\n\t\t\t\t<a href=\"https:\/\/suli.al\/sq\/services\/ndihmon-tretjen\/\"><span class=\"services_counter\">6.<\/span><\/a>\t\t\t\t<div class=\"sc_services_item_content\">\n\t\t\t\t\t<h4 class=\"sc_services_item_title\"><a href=\"https:\/\/suli.al\/sq\/services\/ndihmon-tretjen\/\">Ndihmon tretjen<\/a><\/h4>\n\t\t\t\t\t<div class=\"sc_services_item_description\">\n\t\t\t\t\t\t<p>Edhe pse ka shum\u00eb kalori, \u00ebsht\u00eb v\u00ebrtetuar se vaji i ullirit ndihmon n\u00eb uljen e niveleve t\u00eb mbipeshes.<\/p>\t\t\t\t\t<\/div>\n\t\t\t\t<\/div>\n\t\t\t<\/div>\n\t\t<\/div><\/div><\/div><\/div><!-- \/.sc_services --><\/div><!-- \/.sc_services_wrap --><\/div><\/div><\/div>[\/vc_column][\/vc_row][vc_row css=&#8221;.vc_custom_1467123705080{padding-bottom: 0.3em !important;}&#8221;][vc_column]<div class=\"sc_section margin_top_huge margin_bottom_large\"><div class=\"sc_section_inner\"><div class=\"sc_section_content_wrap\">[vc_empty_space height=&#8221;1em&#8221;]<h2 class=\"sc_title sc_title_iconed sc_align_center team-title margin_top_small\" style=\"text-align:center;\"><span class=\"sc_title_icon sc_title_icon_top  sc_title_icon_large\"><img decoding=\"async\" src=\"https:\/\/suli.al\/wp-content\/uploads\/2016\/06\/title_img.png\" alt=\"\" \/><\/span>Skuadra jone<\/h2>[vc_empty_space height=&#8221;0.5em&#8221;]<div id=\"sc_team_213667064_wrap\" class=\"sc_team_wrap\"><div id=\"sc_team_213667064\" class=\"sc_team sc_team_style_team-1  section-team \" style=\"width:100%;\"><div class=\"sc_columns columns_wrap\"><div class=\"column-1_4 column_padding_bottom\">\t\t\t<div id=\"sc_team_213667064_1\"\t\t\t\tclass=\"sc_team_item sc_team_item_1 odd first\"\n\t\t\t\t>\n\t\t\t\t<div class=\"sc_team_item_avatar\"><img loading=\"lazy\" decoding=\"async\" class=\"wp-post-image\" width=\"360\" height=\"360\" alt=\"Nathan Smith\" src=\"https:\/\/suli.al\/wp-content\/uploads\/2016\/06\/new_team_2-360x360.jpg\"><\/div>\n\t\t\t\t<div class=\"sc_team_item_info\">\n\t\t\t\t\t<h5 class=\"sc_team_item_title\"><a href=\"https:\/\/suli.al\/sq\/team\/nathan-smith\/\">Nathan Smith<\/a><\/h5>\n\t\t\t\t\t<div class=\"sc_team_item_position\">A grower<\/div>\n\t\t\t\t\t<div class=\"sc_socials sc_socials_type_icons sc_socials_shape_round sc_socials_size_tiny\"><div class=\"sc_socials_item\"><a href=\"https:\/\/twitter.com\/ancora_themes\" target=\"_blank\" class=\"social_icons social_twitter\"><span class=\"icon-twitter\"><\/span><\/a><\/div><div class=\"sc_socials_item\"><a href=\"https:\/\/www.facebook.com\/AncoraThemes\/\" target=\"_blank\" class=\"social_icons social_facebook\"><span class=\"icon-facebook\"><\/span><\/a><\/div><\/div>\t\t\t\t<\/div>\n\t\t\t<\/div>\n\t\t<\/div><div class=\"column-1_4 column_padding_bottom\">\t\t\t<div id=\"sc_team_213667064_2\"\t\t\t\tclass=\"sc_team_item sc_team_item_2 even\"\n\t\t\t\t>\n\t\t\t\t<div class=\"sc_team_item_avatar\"><img loading=\"lazy\" decoding=\"async\" class=\"wp-post-image\" width=\"360\" height=\"360\" alt=\"Laura Palmer\" src=\"https:\/\/suli.al\/wp-content\/uploads\/2016\/06\/new_team_3-360x360.jpg\"><\/div>\n\t\t\t\t<div class=\"sc_team_item_info\">\n\t\t\t\t\t<h5 class=\"sc_team_item_title\"><a href=\"https:\/\/suli.al\/sq\/team\/laura-palmer\/\">Laura Palmer<\/a><\/h5>\n\t\t\t\t\t<div class=\"sc_team_item_position\">A grower<\/div>\n\t\t\t\t\t<div class=\"sc_socials sc_socials_type_icons sc_socials_shape_round sc_socials_size_tiny\"><div class=\"sc_socials_item\"><a href=\"https:\/\/twitter.com\/ancora_themes\" target=\"_blank\" class=\"social_icons social_twitter\"><span class=\"icon-twitter\"><\/span><\/a><\/div><div class=\"sc_socials_item\"><a href=\"https:\/\/www.facebook.com\/AncoraThemes\/\" target=\"_blank\" class=\"social_icons social_facebook\"><span class=\"icon-facebook\"><\/span><\/a><\/div><\/div>\t\t\t\t<\/div>\n\t\t\t<\/div>\n\t\t<\/div><div class=\"column-1_4 column_padding_bottom\">\t\t\t<div id=\"sc_team_213667064_3\"\t\t\t\tclass=\"sc_team_item sc_team_item_3 odd\"\n\t\t\t\t>\n\t\t\t\t<div class=\"sc_team_item_avatar\"><img loading=\"lazy\" decoding=\"async\" class=\"wp-post-image\" width=\"360\" height=\"360\" alt=\"Joe Carter\" src=\"https:\/\/suli.al\/wp-content\/uploads\/2016\/06\/new_team_4-360x360.jpg\"><\/div>\n\t\t\t\t<div class=\"sc_team_item_info\">\n\t\t\t\t\t<h5 class=\"sc_team_item_title\"><a href=\"https:\/\/suli.al\/sq\/team\/joe-carter\/\">Joe Carter<\/a><\/h5>\n\t\t\t\t\t<div class=\"sc_team_item_position\">A grower<\/div>\n\t\t\t\t\t<div class=\"sc_socials sc_socials_type_icons sc_socials_shape_round sc_socials_size_tiny\"><div class=\"sc_socials_item\"><a href=\"https:\/\/twitter.com\/ancora_themes\" target=\"_blank\" class=\"social_icons social_twitter\"><span class=\"icon-twitter\"><\/span><\/a><\/div><div class=\"sc_socials_item\"><a href=\"https:\/\/www.facebook.com\/AncoraThemes\/\" target=\"_blank\" class=\"social_icons social_facebook\"><span class=\"icon-facebook\"><\/span><\/a><\/div><\/div>\t\t\t\t<\/div>\n\t\t\t<\/div>\n\t\t<\/div><div class=\"column-1_4 column_padding_bottom\">\t\t\t<div id=\"sc_team_213667064_4\"\t\t\t\tclass=\"sc_team_item sc_team_item_4 even\"\n\t\t\t\t>\n\t\t\t\t<div class=\"sc_team_item_avatar\"><img loading=\"lazy\" decoding=\"async\" class=\"wp-post-image\" width=\"360\" height=\"360\" alt=\"Melissa Cox\" src=\"https:\/\/suli.al\/wp-content\/uploads\/2016\/06\/new_team_1-360x360.jpg\"><\/div>\n\t\t\t\t<div class=\"sc_team_item_info\">\n\t\t\t\t\t<h5 class=\"sc_team_item_title\"><a href=\"https:\/\/suli.al\/sq\/team\/melissa-cox\/\">Melissa Cox<\/a><\/h5>\n\t\t\t\t\t<div class=\"sc_team_item_position\">A grower<\/div>\n\t\t\t\t\t<div class=\"sc_socials sc_socials_type_icons sc_socials_shape_round sc_socials_size_tiny\"><div class=\"sc_socials_item\"><a href=\"https:\/\/twitter.com\/ancora_themes\" target=\"_blank\" class=\"social_icons social_twitter\"><span class=\"icon-twitter\"><\/span><\/a><\/div><div class=\"sc_socials_item\"><a href=\"https:\/\/www.facebook.com\/AncoraThemes\/\" target=\"_blank\" class=\"social_icons social_facebook\"><span class=\"icon-facebook\"><\/span><\/a><\/div><\/div>\t\t\t\t<\/div>\n\t\t\t<\/div>\n\t\t<\/div><\/div><\/div><!-- \/.sc_team --><\/div><!-- \/.sc_team_wrap --><\/div><\/div><\/div>[\/vc_column][\/vc_row][vc_row full_width=&#8221;stretch_row&#8221; disable_element=&#8221;yes&#8221; css=&#8221;.vc_custom_1613078930893{padding-bottom: 0.9em !important;background-color: #42494e !important;}&#8221;][vc_column]<div class=\"sc_section margin_top_medium margin_bottom_huge\"><div class=\"sc_section_inner\"><div class=\"sc_section_content_wrap\">[vc_empty_space height=&#8221;1em&#8221;]<h2 class=\"sc_title sc_title_iconed sc_align_center margin_top_small\" style=\"text-align:center;color:#e9e4d0;\"><span class=\"sc_title_icon sc_title_icon_top  sc_title_icon_large\"><img decoding=\"async\" src=\"https:\/\/suli.al\/wp-content\/uploads\/2016\/06\/title_img.png\" alt=\"\" \/><\/span>Cmimet<\/h2><div id=\"sc_clients_304460417_wrap\" class=\"sc_clients_wrap\"><div id=\"sc_clients_304460417\" class=\"sc_clients sc_clients_style_clients-1  margin_top_null\" style=\"width:100%;\"><div class=\"sc_slider_swiper swiper-slider-container sc_slider_nopagination sc_slider_nocontrols\" data-interval=\"6307\" data-slides-per-view=\"6\" data-slides-min-width=\"100\"><div class=\"slides swiper-wrapper\"><div class=\"swiper-slide\" data-style=\"width:100%;\" style=\"width:100%;\">\t\t\t<div id=\"sc_clients_304460417_1\" class=\"sc_clients_item sc_clients_item_1 odd first\">\n\t\t\t\t\t\t\t\t<div class=\"sc_client_image\"><img decoding=\"async\" class=\"wp-post-image\" alt=\"Client 3\" src=\"https:\/\/suli.al\/wp-content\/uploads\/2016\/06\/logo-via-mare-e-bardhe-1.png\"><\/div>\n\t\t\t\t\t\t\t<\/div>\n\t\t<\/div><div class=\"swiper-slide\" data-style=\"width:100%;\" style=\"width:100%;\">\t\t\t<div id=\"sc_clients_304460417_2\" class=\"sc_clients_item sc_clients_item_2 even\">\n\t\t\t\t\t\t\t\t<div class=\"sc_client_image\"><img decoding=\"async\" class=\"wp-post-image\" alt=\"Client 2\" src=\"https:\/\/suli.al\/wp-content\/uploads\/2016\/06\/logo-maritim-e-bardhe-1-1.png\"><\/div>\n\t\t\t\t\t\t\t<\/div>\n\t\t<\/div><div class=\"swiper-slide\" data-style=\"width:100%;\" style=\"width:100%;\">\t\t\t<div id=\"sc_clients_304460417_3\" class=\"sc_clients_item sc_clients_item_3 odd\">\n\t\t\t\t\t\t\t\t<div class=\"sc_client_image\"><img decoding=\"async\" class=\"wp-post-image\" alt=\"Client 1\" src=\"https:\/\/suli.al\/wp-content\/uploads\/2016\/06\/logo-bujarie-e-bardhe-1.png\"><\/div>\n\t\t\t\t\t\t\t<\/div>\n\t\t<\/div><\/div><div class=\"sc_slider_controls_wrap\"><a class=\"sc_slider_prev\" href=\"#\"><\/a><a class=\"sc_slider_next\" href=\"#\"><\/a><\/div><div class=\"sc_slider_pagination_wrap\"><\/div><\/div><\/div><!-- \/.sc_clients --><\/div><!-- \/.sc_clients_wrap --><\/div><\/div><\/div>[\/vc_column][\/vc_row]<\/p>\n<\/div>","protected":false},"excerpt":{"rendered":"<p>[vc_row][vc_column offset=&#8221;vc_hidden-xs&#8221;][\/vc_column][\/vc_row][vc_row full_width=&#8221;stretch_row&#8221; css=&#8221;.vc_custom_1467118389148{padding-bottom: 0.45em !important;background-color: #f9f7f2 !important;}&#8221;][vc_column][\/vc_column][\/vc_row][vc_row full_width=&#8221;stretch_row&#8221; inverse=&#8221;&#8221; css=&#8221;.vc_custom_1467122013242{padding-top: 2.4em !important;padding-bottom: 0.55em !important;background-image: url(https:\/\/suli.al\/wp-content\/uploads\/2016\/06\/background-2-1.jpg?id=178) !important;}&#8221;][vc_column][\/vc_column][\/vc_row][vc_row css=&#8221;.vc_custom_1467123705080{padding-bottom: 0.3em !important;}&#8221;][vc_column][\/vc_column][\/vc_row][vc_row full_width=&#8221;stretch_row&#8221; disable_element=&#8221;yes&#8221; css=&#8221;.vc_custom_1613078930893{padding-bottom: 0.9em !important;background-color: #42494e !important;}&#8221;][vc_column][\/vc_column][\/vc_row]<\/p>\n","protected":false},"author":1,"featured_media":0,"parent":0,"menu_order":0,"comment_status":"closed","ping_status":"closed","template":"","meta":{"footnotes":""},"class_list":["post-1198","page","type-page","status-publish","hentry"],"_links":{"self":[{"href":"https:\/\/suli.al\/sq\/wp-json\/wp\/v2\/pages\/1198","targetHints":{"allow":["GET"]}}],"collection":[{"href":"https:\/\/suli.al\/sq\/wp-json\/wp\/v2\/pages"}],"about":[{"href":"https:\/\/suli.al\/sq\/wp-json\/wp\/v2\/types\/page"}],"author":[{"embeddable":true,"href":"https:\/\/suli.al\/sq\/wp-json\/wp\/v2\/users\/1"}],"replies":[{"embeddable":true,"href":"https:\/\/suli.al\/sq\/wp-json\/wp\/v2\/comments?post=1198"}],"version-history":[{"count":9,"href":"https:\/\/suli.al\/sq\/wp-json\/wp\/v2\/pages\/1198\/revisions"}],"predecessor-version":[{"id":1596,"href":"https:\/\/suli.al\/sq\/wp-json\/wp\/v2\/pages\/1198\/revisions\/1596"}],"wp:attachment":[{"href":"https:\/\/suli.al\/sq\/wp-json\/wp\/v2\/media?parent=1198"}],"curies":[{"name":"wp","href":"https:\/\/api.w.org\/{rel}","templated":true}]}}